{"id":5931,"date":"2020-05-28T15:42:49","date_gmt":"2020-05-28T15:42:49","guid":{"rendered":"https:\/\/www.jurnalfotografic.com\/?page_id=5931"},"modified":"2026-02-16T17:40:48","modified_gmt":"2026-02-16T17:40:48","slug":"nunta-la-green-spot-wedding-barn","status":"publish","type":"page","link":"https:\/\/www.jurnalfotografic.com\/ro\/nunta-la-green-spot-wedding-barn\/","title":{"rendered":"Fotograf nunta Green Spot Wedding Barn"},"content":{"rendered":"","protected":false},"excerpt":{"rendered":"","protected":false},"author":2,"featured_media":0,"parent":0,"menu_order":0,"comment_status":"closed","ping_status":"closed","template":"","meta":{"footnotes":""},"class_list":["post-5931","page","type-page","status-publish"],"yoast_head":"<!-- This site is optimized with the Yoast SEO plugin v26.9 - https:\/\/yoast.com\/product\/yoast-seo-wordpress\/ -->\n<title>Fotograf nunta @ The Green Spot &#8212; Jurnal Fotografic<\/title>\n<meta name=\"description\" content=\"Transform emo\u021biile tale \u00een amintiri de neuitat. Descoper\u0103 magia fiec\u0103rui moment al nun\u021bii tale cu fotografii autentice la Green Spot Wedding Barn.\" \/>\n<meta name=\"robots\" content=\"index, follow, max-snippet:-1, max-image-preview:large, max-video-preview:-1\" \/>\n<link rel=\"canonical\" href=\"https:\/\/www.jurnalfotografic.com\/ro\/nunta-la-green-spot-wedding-barn\/\" \/>\n<meta property=\"og:locale\" content=\"ro_RO\" \/>\n<meta property=\"og:type\" content=\"article\" \/>\n<meta property=\"og:title\" content=\"Fotograf nunta la Hambar - Green Spot\" \/>\n<meta property=\"og:description\" content=\"Transform emo\u021biile tale \u00een amintiri de neuitat. Descoper\u0103 magia fiec\u0103rui moment al nun\u021bii tale cu fotografii autentice la Green Spot Wedding Barn.\" \/>\n<meta property=\"og:url\" content=\"https:\/\/www.jurnalfotografic.com\/ro\/nunta-la-green-spot-wedding-barn\/\" \/>\n<meta property=\"og:site_name\" content=\"Jurnal Fotografic\" \/>\n<meta property=\"article:publisher\" content=\"https:\/\/www.facebook.com\/JurnalFotografic\/\" \/>\n<meta property=\"article:modified_time\" content=\"2026-02-16T17:40:48+00:00\" \/>\n<meta property=\"og:image\" content=\"https:\/\/www.jurnalfotografic.com\/wp-content\/uploads\/2020\/06\/Mada-Dan_Wedding_full-size-526.jpg\" \/>\n\t<meta property=\"og:image:width\" content=\"1636\" \/>\n\t<meta property=\"og:image:height\" content=\"859\" \/>\n\t<meta property=\"og:image:type\" content=\"image\/jpeg\" \/>\n<meta name=\"twitter:card\" content=\"summary_large_image\" \/>\n<meta name=\"twitter:label1\" content=\"Timp estimat pentru citire\" \/>\n\t<meta name=\"twitter:data1\" content=\"4 minute\" \/>\n<script type=\"application\/ld+json\" class=\"yoast-schema-graph\">{\"@context\":\"https:\/\/schema.org\",\"@graph\":[{\"@type\":\"WebPage\",\"@id\":\"https:\/\/www.jurnalfotografic.com\/ro\/nunta-la-green-spot-wedding-barn\/\",\"url\":\"https:\/\/www.jurnalfotografic.com\/ro\/nunta-la-green-spot-wedding-barn\/\",\"name\":\"Fotograf nunta @ The Green Spot &#8212; Jurnal Fotografic\",\"isPartOf\":{\"@id\":\"https:\/\/www.jurnalfotografic.com\/ro\/#website\"},\"datePublished\":\"2020-05-28T15:42:49+00:00\",\"dateModified\":\"2026-02-16T17:40:48+00:00\",\"description\":\"Transform emo\u021biile tale \u00een amintiri de neuitat. Descoper\u0103 magia fiec\u0103rui moment al nun\u021bii tale cu fotografii autentice la Green Spot Wedding Barn.\",\"breadcrumb\":{\"@id\":\"https:\/\/www.jurnalfotografic.com\/ro\/nunta-la-green-spot-wedding-barn\/#breadcrumb\"},\"inLanguage\":\"ro-RO\",\"potentialAction\":[{\"@type\":\"ReadAction\",\"target\":[\"https:\/\/www.jurnalfotografic.com\/ro\/nunta-la-green-spot-wedding-barn\/\"]}]},{\"@type\":\"BreadcrumbList\",\"@id\":\"https:\/\/www.jurnalfotografic.com\/ro\/nunta-la-green-spot-wedding-barn\/#breadcrumb\",\"itemListElement\":[{\"@type\":\"ListItem\",\"position\":1,\"name\":\"Home\",\"item\":\"https:\/\/www.jurnalfotografic.com\/ro\/\"},{\"@type\":\"ListItem\",\"position\":2,\"name\":\"Fotograf nunta Green Spot Wedding Barn\"}]},{\"@type\":\"WebSite\",\"@id\":\"https:\/\/www.jurnalfotografic.com\/ro\/#website\",\"url\":\"https:\/\/www.jurnalfotografic.com\/ro\/\",\"name\":\"Jurnal Fotografic\",\"description\":\"Destination Wedding Photographer\",\"publisher\":{\"@id\":\"https:\/\/www.jurnalfotografic.com\/ro\/#organization\"},\"potentialAction\":[{\"@type\":\"SearchAction\",\"target\":{\"@type\":\"EntryPoint\",\"urlTemplate\":\"https:\/\/www.jurnalfotografic.com\/ro\/?s={search_term_string}\"},\"query-input\":{\"@type\":\"PropertyValueSpecification\",\"valueRequired\":true,\"valueName\":\"search_term_string\"}}],\"inLanguage\":\"ro-RO\"},{\"@type\":\"Organization\",\"@id\":\"https:\/\/www.jurnalfotografic.com\/ro\/#organization\",\"name\":\"Jurnal Fotografic\",\"url\":\"https:\/\/www.jurnalfotografic.com\/ro\/\",\"logo\":{\"@type\":\"ImageObject\",\"inLanguage\":\"ro-RO\",\"@id\":\"https:\/\/www.jurnalfotografic.com\/ro\/#\/schema\/logo\/image\/\",\"url\":\"https:\/\/www.jurnalfotografic.com\/wp-content\/uploads\/2020\/04\/logo-Jurnal-Fotografic1-blackcopy.png\",\"contentUrl\":\"https:\/\/www.jurnalfotografic.com\/wp-content\/uploads\/2020\/04\/logo-Jurnal-Fotografic1-blackcopy.png\",\"width\":400,\"height\":444,\"caption\":\"Jurnal Fotografic\"},\"image\":{\"@id\":\"https:\/\/www.jurnalfotografic.com\/ro\/#\/schema\/logo\/image\/\"},\"sameAs\":[\"https:\/\/www.facebook.com\/JurnalFotografic\/\",\"https:\/\/www.instagram.com\/jurnalfotografic\",\"https:\/\/ro.pinterest.com\/JurnalFotografic\/\"]}]}<\/script>\n<!-- \/ Yoast SEO plugin. -->","yoast_head_json":{"title":"Fotograf nunta @ The Green Spot &#8212; Jurnal Fotografic","description":"Transform emo\u021biile tale \u00een amintiri de neuitat. Descoper\u0103 magia fiec\u0103rui moment al nun\u021bii tale cu fotografii autentice la Green Spot Wedding Barn.","robots":{"index":"index","follow":"follow","max-snippet":"max-snippet:-1","max-image-preview":"max-image-preview:large","max-video-preview":"max-video-preview:-1"},"canonical":"https:\/\/www.jurnalfotografic.com\/ro\/nunta-la-green-spot-wedding-barn\/","og_locale":"ro_RO","og_type":"article","og_title":"Fotograf nunta la Hambar - Green Spot","og_description":"Transform emo\u021biile tale \u00een amintiri de neuitat. Descoper\u0103 magia fiec\u0103rui moment al nun\u021bii tale cu fotografii autentice la Green Spot Wedding Barn.","og_url":"https:\/\/www.jurnalfotografic.com\/ro\/nunta-la-green-spot-wedding-barn\/","og_site_name":"Jurnal Fotografic","article_publisher":"https:\/\/www.facebook.com\/JurnalFotografic\/","article_modified_time":"2026-02-16T17:40:48+00:00","og_image":[{"width":1636,"height":859,"url":"https:\/\/www.jurnalfotografic.com\/wp-content\/uploads\/2020\/06\/Mada-Dan_Wedding_full-size-526.jpg","type":"image\/jpeg"}],"twitter_card":"summary_large_image","twitter_misc":{"Timp estimat pentru citire":"4 minute"},"schema":{"@context":"https:\/\/schema.org","@graph":[{"@type":"WebPage","@id":"https:\/\/www.jurnalfotografic.com\/ro\/nunta-la-green-spot-wedding-barn\/","url":"https:\/\/www.jurnalfotografic.com\/ro\/nunta-la-green-spot-wedding-barn\/","name":"Fotograf nunta @ The Green Spot &#8212; Jurnal Fotografic","isPartOf":{"@id":"https:\/\/www.jurnalfotografic.com\/ro\/#website"},"datePublished":"2020-05-28T15:42:49+00:00","dateModified":"2026-02-16T17:40:48+00:00","description":"Transform emo\u021biile tale \u00een amintiri de neuitat. Descoper\u0103 magia fiec\u0103rui moment al nun\u021bii tale cu fotografii autentice la Green Spot Wedding Barn.","breadcrumb":{"@id":"https:\/\/www.jurnalfotografic.com\/ro\/nunta-la-green-spot-wedding-barn\/#breadcrumb"},"inLanguage":"ro-RO","potentialAction":[{"@type":"ReadAction","target":["https:\/\/www.jurnalfotografic.com\/ro\/nunta-la-green-spot-wedding-barn\/"]}]},{"@type":"BreadcrumbList","@id":"https:\/\/www.jurnalfotografic.com\/ro\/nunta-la-green-spot-wedding-barn\/#breadcrumb","itemListElement":[{"@type":"ListItem","position":1,"name":"Home","item":"https:\/\/www.jurnalfotografic.com\/ro\/"},{"@type":"ListItem","position":2,"name":"Fotograf nunta Green Spot Wedding Barn"}]},{"@type":"WebSite","@id":"https:\/\/www.jurnalfotografic.com\/ro\/#website","url":"https:\/\/www.jurnalfotografic.com\/ro\/","name":"Jurnal Fotografic","description":"Destination Wedding Photographer","publisher":{"@id":"https:\/\/www.jurnalfotografic.com\/ro\/#organization"},"potentialAction":[{"@type":"SearchAction","target":{"@type":"EntryPoint","urlTemplate":"https:\/\/www.jurnalfotografic.com\/ro\/?s={search_term_string}"},"query-input":{"@type":"PropertyValueSpecification","valueRequired":true,"valueName":"search_term_string"}}],"inLanguage":"ro-RO"},{"@type":"Organization","@id":"https:\/\/www.jurnalfotografic.com\/ro\/#organization","name":"Jurnal Fotografic","url":"https:\/\/www.jurnalfotografic.com\/ro\/","logo":{"@type":"ImageObject","inLanguage":"ro-RO","@id":"https:\/\/www.jurnalfotografic.com\/ro\/#\/schema\/logo\/image\/","url":"https:\/\/www.jurnalfotografic.com\/wp-content\/uploads\/2020\/04\/logo-Jurnal-Fotografic1-blackcopy.png","contentUrl":"https:\/\/www.jurnalfotografic.com\/wp-content\/uploads\/2020\/04\/logo-Jurnal-Fotografic1-blackcopy.png","width":400,"height":444,"caption":"Jurnal Fotografic"},"image":{"@id":"https:\/\/www.jurnalfotografic.com\/ro\/#\/schema\/logo\/image\/"},"sameAs":["https:\/\/www.facebook.com\/JurnalFotografic\/","https:\/\/www.instagram.com\/jurnalfotografic","https:\/\/ro.pinterest.com\/JurnalFotografic\/"]}]}},"_links":{"self":[{"href":"https:\/\/www.jurnalfotografic.com\/ro\/wp-json\/wp\/v2\/pages\/5931","targetHints":{"allow":["GET"]}}],"collection":[{"href":"https:\/\/www.jurnalfotografic.com\/ro\/wp-json\/wp\/v2\/pages"}],"about":[{"href":"https:\/\/www.jurnalfotografic.com\/ro\/wp-json\/wp\/v2\/types\/page"}],"author":[{"embeddable":true,"href":"https:\/\/www.jurnalfotografic.com\/ro\/wp-json\/wp\/v2\/users\/2"}],"replies":[{"embeddable":true,"href":"https:\/\/www.jurnalfotografic.com\/ro\/wp-json\/wp\/v2\/comments?post=5931"}],"version-history":[{"count":46,"href":"https:\/\/www.jurnalfotografic.com\/ro\/wp-json\/wp\/v2\/pages\/5931\/revisions"}],"predecessor-version":[{"id":9462,"href":"https:\/\/www.jurnalfotografic.com\/ro\/wp-json\/wp\/v2\/pages\/5931\/revisions\/9462"}],"wp:attachment":[{"href":"https:\/\/www.jurnalfotografic.com\/ro\/wp-json\/wp\/v2\/media?parent=5931"}],"curies":[{"name":"wp","href":"https:\/\/api.w.org\/{rel}","templated":true}]}}